{"id":13,"date":"2020-11-04T18:07:13","date_gmt":"2020-11-04T18:07:13","guid":{"rendered":"http:\/\/webredox.net\/demo\/wp\/zonar\/?page_id=13"},"modified":"2024-03-01T14:02:02","modified_gmt":"2024-03-01T13:02:02","slug":"la-mecanique-de-lorange-agence-de-communication-normandie","status":"publish","type":"page","link":"https:\/\/lamecaniquedelorange.fr\/","title":{"rendered":"Accueil"},"content":{"rendered":"","protected":false},"excerpt":{"rendered":"","protected":false},"author":1,"featured_media":0,"parent":0,"menu_order":0,"comment_status":"closed","ping_status":"closed","template":"home-page.php","meta":{"_monsterinsights_skip_tracking":false,"_monsterinsights_sitenote_active":false,"_monsterinsights_sitenote_note":"","_monsterinsights_sitenote_category":0,"footnotes":""},"class_list":["post-13","page","type-page","status-publish","hentry"],"yoast_head":"<!-- This site is optimized with the Yoast SEO plugin v23.8 - https:\/\/yoast.com\/wordpress\/plugins\/seo\/ -->\n<title>La m\u00e9canique de l&#039;orange Agence de communication Normandie<\/title>\n<meta name=\"description\" content=\"La m\u00e9canique de l&#039;orange Agence de communication Michel M\u00e9na Normandie site internet logo r\u00e9seaux sociaux print signal\u00e9tique Rouen Evreux\" \/>\n<meta name=\"robots\" content=\"index, follow, max-snippet:-1, max-image-preview:large, max-video-preview:-1\" \/>\n<link rel=\"canonical\" href=\"https:\/\/lamecaniquedelorange.fr\/\" \/>\n<meta property=\"og:locale\" content=\"fr_FR\" \/>\n<meta property=\"og:type\" content=\"article\" \/>\n<meta property=\"og:title\" content=\"La m\u00e9canique de l&#039;orange Agence de communication Normandie\" \/>\n<meta property=\"og:description\" content=\"La m\u00e9canique de l&#039;orange Agence de communication Michel M\u00e9na Normandie site internet logo r\u00e9seaux sociaux print signal\u00e9tique Rouen Evreux\" \/>\n<meta property=\"og:url\" content=\"https:\/\/lamecaniquedelorange.fr\/\" \/>\n<meta property=\"og:site_name\" content=\"LMDO\" \/>\n<meta property=\"article:modified_time\" content=\"2024-03-01T13:02:02+00:00\" \/>\n<meta name=\"twitter:card\" content=\"summary_large_image\" \/>\n<script type=\"application\/ld+json\" class=\"yoast-schema-graph\">{\"@context\":\"https:\/\/schema.org\",\"@graph\":[{\"@type\":\"WebPage\",\"@id\":\"https:\/\/lamecaniquedelorange.fr\/\",\"url\":\"https:\/\/lamecaniquedelorange.fr\/\",\"name\":\"La m\u00e9canique de l'orange Agence de communication Normandie\",\"isPartOf\":{\"@id\":\"https:\/\/lamecaniquedelorange.fr\/#website\"},\"datePublished\":\"2020-11-04T18:07:13+00:00\",\"dateModified\":\"2024-03-01T13:02:02+00:00\",\"description\":\"La m\u00e9canique de l'orange Agence de communication Michel M\u00e9na Normandie site internet logo r\u00e9seaux sociaux print signal\u00e9tique Rouen Evreux\",\"breadcrumb\":{\"@id\":\"https:\/\/lamecaniquedelorange.fr\/#breadcrumb\"},\"inLanguage\":\"fr-FR\",\"potentialAction\":[{\"@type\":\"ReadAction\",\"target\":[\"https:\/\/lamecaniquedelorange.fr\/\"]}]},{\"@type\":\"BreadcrumbList\",\"@id\":\"https:\/\/lamecaniquedelorange.fr\/#breadcrumb\",\"itemListElement\":[{\"@type\":\"ListItem\",\"position\":1,\"name\":\"Accueil\",\"item\":\"https:\/\/lamecaniquedelorange.fr\/\"},{\"@type\":\"ListItem\",\"position\":2,\"name\":\"Accueil\"}]},{\"@type\":\"WebSite\",\"@id\":\"https:\/\/lamecaniquedelorange.fr\/#website\",\"url\":\"https:\/\/lamecaniquedelorange.fr\/\",\"name\":\"LMDO\",\"description\":\"Un site utilisant WordPress\",\"potentialAction\":[{\"@type\":\"SearchAction\",\"target\":{\"@type\":\"EntryPoint\",\"urlTemplate\":\"https:\/\/lamecaniquedelorange.fr\/?s={search_term_string}\"},\"query-input\":{\"@type\":\"PropertyValueSpecification\",\"valueRequired\":true,\"valueName\":\"search_term_string\"}}],\"inLanguage\":\"fr-FR\"}]}<\/script>\n<!-- \/ Yoast SEO plugin. -->","yoast_head_json":{"title":"La m\u00e9canique de l'orange Agence de communication Normandie","description":"La m\u00e9canique de l'orange Agence de communication Michel M\u00e9na Normandie site internet logo r\u00e9seaux sociaux print signal\u00e9tique Rouen Evreux","robots":{"index":"index","follow":"follow","max-snippet":"max-snippet:-1","max-image-preview":"max-image-preview:large","max-video-preview":"max-video-preview:-1"},"canonical":"https:\/\/lamecaniquedelorange.fr\/","og_locale":"fr_FR","og_type":"article","og_title":"La m\u00e9canique de l'orange Agence de communication Normandie","og_description":"La m\u00e9canique de l'orange Agence de communication Michel M\u00e9na Normandie site internet logo r\u00e9seaux sociaux print signal\u00e9tique Rouen Evreux","og_url":"https:\/\/lamecaniquedelorange.fr\/","og_site_name":"LMDO","article_modified_time":"2024-03-01T13:02:02+00:00","twitter_card":"summary_large_image","schema":{"@context":"https:\/\/schema.org","@graph":[{"@type":"WebPage","@id":"https:\/\/lamecaniquedelorange.fr\/","url":"https:\/\/lamecaniquedelorange.fr\/","name":"La m\u00e9canique de l'orange Agence de communication Normandie","isPartOf":{"@id":"https:\/\/lamecaniquedelorange.fr\/#website"},"datePublished":"2020-11-04T18:07:13+00:00","dateModified":"2024-03-01T13:02:02+00:00","description":"La m\u00e9canique de l'orange Agence de communication Michel M\u00e9na Normandie site internet logo r\u00e9seaux sociaux print signal\u00e9tique Rouen Evreux","breadcrumb":{"@id":"https:\/\/lamecaniquedelorange.fr\/#breadcrumb"},"inLanguage":"fr-FR","potentialAction":[{"@type":"ReadAction","target":["https:\/\/lamecaniquedelorange.fr\/"]}]},{"@type":"BreadcrumbList","@id":"https:\/\/lamecaniquedelorange.fr\/#breadcrumb","itemListElement":[{"@type":"ListItem","position":1,"name":"Accueil","item":"https:\/\/lamecaniquedelorange.fr\/"},{"@type":"ListItem","position":2,"name":"Accueil"}]},{"@type":"WebSite","@id":"https:\/\/lamecaniquedelorange.fr\/#website","url":"https:\/\/lamecaniquedelorange.fr\/","name":"LMDO","description":"Un site utilisant WordPress","potentialAction":[{"@type":"SearchAction","target":{"@type":"EntryPoint","urlTemplate":"https:\/\/lamecaniquedelorange.fr\/?s={search_term_string}"},"query-input":{"@type":"PropertyValueSpecification","valueRequired":true,"valueName":"search_term_string"}}],"inLanguage":"fr-FR"}]}},"_links":{"self":[{"href":"https:\/\/lamecaniquedelorange.fr\/index.php\/wp-json\/wp\/v2\/pages\/13","targetHints":{"allow":["GET"]}}],"collection":[{"href":"https:\/\/lamecaniquedelorange.fr\/index.php\/wp-json\/wp\/v2\/pages"}],"about":[{"href":"https:\/\/lamecaniquedelorange.fr\/index.php\/wp-json\/wp\/v2\/types\/page"}],"author":[{"embeddable":true,"href":"https:\/\/lamecaniquedelorange.fr\/index.php\/wp-json\/wp\/v2\/users\/1"}],"replies":[{"embeddable":true,"href":"https:\/\/lamecaniquedelorange.fr\/index.php\/wp-json\/wp\/v2\/comments?post=13"}],"version-history":[{"count":1,"href":"https:\/\/lamecaniquedelorange.fr\/index.php\/wp-json\/wp\/v2\/pages\/13\/revisions"}],"predecessor-version":[{"id":342,"href":"https:\/\/lamecaniquedelorange.fr\/index.php\/wp-json\/wp\/v2\/pages\/13\/revisions\/342"}],"wp:attachment":[{"href":"https:\/\/lamecaniquedelorange.fr\/index.php\/wp-json\/wp\/v2\/media?parent=13"}],"curies":[{"name":"wp","href":"https:\/\/api.w.org\/{rel}","templated":true}]}}